{"id":422,"date":"2015-11-28T22:30:45","date_gmt":"2015-11-28T21:30:45","guid":{"rendered":"http:\/\/www.elektro-klan.de\/?page_id=422"},"modified":"2023-08-22T10:57:42","modified_gmt":"2023-08-22T08:57:42","slug":"startseite","status":"publish","type":"page","link":"http:\/\/www.elektro-klan.de\/","title":{"rendered":"Home"},"content":{"rendered":"<h3><\/h3>\n<h3><\/h3>\n<h3>Aktuelles<\/h3>\n<p>sofort bieten wir auch KNX-Installation, -Programmierung, -Inbetriebnahme sowie die \u00c4nderung von vorhandenen Anlagen an.<\/p>\n<p>Sowie Free@Home Systeme in Neuanlagen und Bestandsgeb\u00e4uden.<\/p>\n<p style=\"margin: 5px 0; padding: 0;\"><strong>Exclusiv und nur bei Klan &amp; Wagner Elektrotechnik GmbH erh\u00e4ltlich der Haie Fan-Schalter.<\/strong><\/p>\n<p><a href=\"http:\/\/www.elektro-klan.de\/wp-content\/uploads\/2015\/09\/DSCF7257.jpg\"><img loading=\"lazy\" decoding=\"async\" class=\"size-thumbnail wp-image-332\" src=\"http:\/\/www.elektro-klan.de\/wp-content\/uploads\/2015\/09\/DSCF7257-150x150.jpg\" alt=\"Haie Fanschalter\" width=\"150\" height=\"150\" \/><\/a><\/p>\n<p><span style=\"color: #000000; font-family: Calibri; font-size: medium;\">Zurzeit stellen wir ein:<\/span><\/p>\n<p><span style=\"color: #0000ff;\"><strong>1 Elektroniker f\u00fcr Energie- und Geb\u00e4udetechnik\/ Elektroinstallateur,<\/strong><\/span><br \/>\n<strong><span style=\"color: #0000ff;\">\u00a0 Kundendienstmonteur<\/span><\/strong><\/p>\n<p><span style=\"color: #0000ff;\">1\u00a0\u00a0Projektleiter\/-in, Elektroniker f\u00fcr Energie und Geb\u00e4udetechnik\u00a0<\/span><\/p>\n<p><span style=\"color: #0000ff;\">1\u00a0 Elektroinstallateur, Elektroniker f\u00fcr Energie und Geb\u00e4udetechnik<\/span><\/p>\n<p><span style=\"color: #0000ff;\">1 \u00a0Elektroinstallateur, Berufsanf\u00e4nger<\/span><\/p>\n<p><span style=\"color: #0000ff;\">1 \u00a0Elektro-Fachhelfer<\/span><\/p>\n<p>&#8222;<strong>Rauchmelder werden in weiteren Bundesl\u00e4ndern Pflicht<\/strong>&#8222;]<\/p>\n<p>In drei Bundesl\u00e4ndern l\u00e4uft laut Verbraucherzentralen zum Jahreswechsel die Frist ab, um in bestehenden Geb\u00e4uden Rauchmelder zu installieren. Ab Anfang 2016 m\u00fcssen in Bremen, Niedersachsen und Sachsen-Anhalt auch in \u00e4lteren Geb\u00e4uden Rauchwarner angebracht sein.<\/p>\n<p>F\u00fcr Neubauten gelte die Pflicht schon in fast allen Bundesl\u00e4ndern. In Sachsen greife sie ab dem neuen Jahr \u2013 nur Berlin und Brandenburg h\u00e4tten noch keine Rauchmelderpflicht.<\/p>\n<p>In Nordrhein-Westfalen m\u00fcssten bestehende Geb\u00e4ude bis Ende 2016 in Schlafr\u00e4umen, Kinderzimmern und Fluren, \u00fcber die Rettungswege von Aufenthaltsr\u00e4umen f\u00fchren, mit Rauchmeldern ausgestattet werden.<\/p>\n<h3>Unsere Produkte<\/h3>\n<h3>Unsere Leistungen beinhalten&#8230;<\/h3>\n<ul>\n<li><strong>Beratung<\/strong><\/li>\n<li><strong>Planung, Projektierung<\/strong><\/li>\n<li><strong>Ausf\u00fchrung, Errichtung<\/strong><\/li>\n<li><strong>Instandhaltung<\/strong><\/li>\n<li><strong>Betreuung<\/strong><\/li>\n<\/ul>\n<p><a href=\"http:\/\/www.elektro-klan.de\/?page_id=27\">Weiterlesen&#8230;<\/a><\/p>\n<p>Sehr geehrte Interessenten, unsere Referenzen beziehen sich auf die Erstellung von\u00a0 Neubau- und Gewerbeobjekten aller Art sowie auf Durchf\u00fchrung von Altbausanierungen.<\/p>\n<p><a href=\"http:\/\/www.elektro-klan.de\/?page_id=72\">Weiterlesen&#8230;<\/a><\/p>\n<h3><\/h3>\n","protected":false},"excerpt":{"rendered":"<p>Aktuelles sofort bieten wir auch KNX-Installation, -Programmierung, -Inbetriebnahme sowie die \u00c4nderung von vorhandenen Anlagen an. Sowie Free@Home Systeme in Neuanlagen und Bestandsgeb\u00e4uden. Exclusiv und nur [&#8230;]<\/p>\n","protected":false},"author":1,"featured_media":0,"parent":0,"menu_order":0,"comment_status":"closed","ping_status":"closed","template":"","meta":{"footnotes":""},"class_list":["post-422","page","type-page","status-publish","hentry"],"_links":{"self":[{"href":"http:\/\/www.elektro-klan.de\/index.php?rest_route=\/wp\/v2\/pages\/422","targetHints":{"allow":["GET"]}}],"collection":[{"href":"http:\/\/www.elektro-klan.de\/index.php?rest_route=\/wp\/v2\/pages"}],"about":[{"href":"http:\/\/www.elektro-klan.de\/index.php?rest_route=\/wp\/v2\/types\/page"}],"author":[{"embeddable":true,"href":"http:\/\/www.elektro-klan.de\/index.php?rest_route=\/wp\/v2\/users\/1"}],"replies":[{"embeddable":true,"href":"http:\/\/www.elektro-klan.de\/index.php?rest_route=%2Fwp%2Fv2%2Fcomments&post=422"}],"version-history":[{"count":98,"href":"http:\/\/www.elektro-klan.de\/index.php?rest_route=\/wp\/v2\/pages\/422\/revisions"}],"predecessor-version":[{"id":862,"href":"http:\/\/www.elektro-klan.de\/index.php?rest_route=\/wp\/v2\/pages\/422\/revisions\/862"}],"wp:attachment":[{"href":"http:\/\/www.elektro-klan.de\/index.php?rest_route=%2Fwp%2Fv2%2Fmedia&parent=422"}],"curies":[{"name":"wp","href":"https:\/\/api.w.org\/{rel}","templated":true}]}}