{"id":232,"date":"2014-08-15T21:07:48","date_gmt":"2014-08-15T19:07:48","guid":{"rendered":"http:\/\/www.elektro-klan.de\/?page_id=232"},"modified":"2017-11-29T16:42:51","modified_gmt":"2017-11-29T15:42:51","slug":"elektrobraende","status":"publish","type":"page","link":"http:\/\/www.elektro-klan.de\/?page_id=232","title":{"rendered":"Elektrobr\u00e4nde"},"content":{"rendered":"<h4>Zum Schutz vor Elektrobr\u00e4nden haben wir Ihnen folgende wichtige Punkte zusammengestellt:<\/h4>\n<ul>\n<li>Achten Sie auf schadhafte und defekte Leitungen und lassen Sie sie sofort durch eine Elektro-Fachkraft ersetzen.<\/li>\n<li>Achten Sie auf schadhafte Steckdosen, Stecker und Schalter. Lassen Sie sie umgehend von einer Elektro-Fachkraft reparieren.<\/li>\n<li>Schlie\u00dfen Sie nicht zu viele Verbraucher (Lampen, Ger\u00e4te) mit hoher Leistung an eine Mehrfach-Steckdose an. (Leistung und VDE Pr\u00fcfzeichen beachten)<\/li>\n<li>Achten Sie bei einer Lampe auf die angegebene Nennleistung, z. B. max. 60 Watt. Verwenden Sie dort keine 100-Watt-Gl\u00fchbirne. Ersetzen Sie kaputte bzw. fehlende Gl\u00fchlampen.<\/li>\n<li>Ersetzen Sie schadhafte oder fehlende \u00fcberglocken an Lampen, insbesondere in K\u00fchl- und Feuchtr\u00e4umen, damit sich an den Kontakten kein Schmutz und keine Feuchtigkeit absetzen k\u00f6nnen.<\/li>\n<li>Flicken Sie nie eine elektrische Sicherung.<\/li>\n<li>Lassen Sie station\u00e4re Elektroger\u00e4te alle 4 Jahre und mobile Ger\u00e4te alle 6 -12 Monate von einer bef\u00e4higten Person pr\u00fcfen. Damit beugen Sie M\u00e4ngeln vor.<\/li>\n<\/ul>\n","protected":false},"excerpt":{"rendered":"<p>Zum Schutz vor Elektrobr\u00e4nden haben wir Ihnen folgende wichtige Punkte zusammengestellt: Achten Sie auf schadhafte und defekte Leitungen und lassen Sie sie sofort durch eine [&#8230;]<\/p>\n","protected":false},"author":1,"featured_media":0,"parent":2,"menu_order":0,"comment_status":"closed","ping_status":"closed","template":"","meta":{"footnotes":""},"class_list":["post-232","page","type-page","status-publish","hentry"],"_links":{"self":[{"href":"http:\/\/www.elektro-klan.de\/index.php?rest_route=\/wp\/v2\/pages\/232","targetHints":{"allow":["GET"]}}],"collection":[{"href":"http:\/\/www.elektro-klan.de\/index.php?rest_route=\/wp\/v2\/pages"}],"about":[{"href":"http:\/\/www.elektro-klan.de\/index.php?rest_route=\/wp\/v2\/types\/page"}],"author":[{"embeddable":true,"href":"http:\/\/www.elektro-klan.de\/index.php?rest_route=\/wp\/v2\/users\/1"}],"replies":[{"embeddable":true,"href":"http:\/\/www.elektro-klan.de\/index.php?rest_route=%2Fwp%2Fv2%2Fcomments&post=232"}],"version-history":[{"count":4,"href":"http:\/\/www.elektro-klan.de\/index.php?rest_route=\/wp\/v2\/pages\/232\/revisions"}],"predecessor-version":[{"id":644,"href":"http:\/\/www.elektro-klan.de\/index.php?rest_route=\/wp\/v2\/pages\/232\/revisions\/644"}],"up":[{"embeddable":true,"href":"http:\/\/www.elektro-klan.de\/index.php?rest_route=\/wp\/v2\/pages\/2"}],"wp:attachment":[{"href":"http:\/\/www.elektro-klan.de\/index.php?rest_route=%2Fwp%2Fv2%2Fmedia&parent=232"}],"curies":[{"name":"wp","href":"https:\/\/api.w.org\/{rel}","templated":true}]}}