{"id":2,"date":"2013-12-17T13:17:57","date_gmt":"2013-12-17T13:17:57","guid":{"rendered":"\/?page_id=2"},"modified":"2014-08-15T21:19:33","modified_gmt":"2014-08-15T19:19:33","slug":"beispiel-seite","status":"publish","type":"page","link":"http:\/\/www.elektro-klan.de\/?page_id=2","title":{"rendered":"Beitr\u00e4ge"},"content":{"rendered":"<h3><strong>Auf den folgenden Unterseiten haben wir f\u00fcr Sie wichtige und informative Beitr\u00e4ge zusammengestellt.<\/strong><\/h3>\n<ul>\n<li><a title=\"Elektrobr\u00e4nde\" href=\"http:\/\/www.elektro-klan.de\/?page_id=232\">Schutz vor Elektrobr\u00e4nden<\/a><\/li>\n<li><a title=\"Rauchmelderpflicht\" href=\"http:\/\/www.elektro-klan.de\/?page_id=234\">Rauchmelderpflicht in Nordrhein-Westfalen<!--?xml:namespace prefix = \"o\" ns = \"urn:schemas-microsoft-com:office:office\" \/--><\/a><\/li>\n<\/ul>\n","protected":false},"excerpt":{"rendered":"<p>Auf den folgenden Unterseiten haben wir f\u00fcr Sie wichtige und informative Beitr\u00e4ge zusammengestellt. Schutz vor Elektrobr\u00e4nden Rauchmelderpflicht in Nordrhein-Westfalen<\/p>\n","protected":false},"author":1,"featured_media":0,"parent":0,"menu_order":0,"comment_status":"open","ping_status":"open","template":"","meta":{"footnotes":""},"class_list":["post-2","page","type-page","status-publish","hentry"],"_links":{"self":[{"href":"http:\/\/www.elektro-klan.de\/index.php?rest_route=\/wp\/v2\/pages\/2","targetHints":{"allow":["GET"]}}],"collection":[{"href":"http:\/\/www.elektro-klan.de\/index.php?rest_route=\/wp\/v2\/pages"}],"about":[{"href":"http:\/\/www.elektro-klan.de\/index.php?rest_route=\/wp\/v2\/types\/page"}],"author":[{"embeddable":true,"href":"http:\/\/www.elektro-klan.de\/index.php?rest_route=\/wp\/v2\/users\/1"}],"replies":[{"embeddable":true,"href":"http:\/\/www.elektro-klan.de\/index.php?rest_route=%2Fwp%2Fv2%2Fcomments&post=2"}],"version-history":[{"count":15,"href":"http:\/\/www.elektro-klan.de\/index.php?rest_route=\/wp\/v2\/pages\/2\/revisions"}],"predecessor-version":[{"id":237,"href":"http:\/\/www.elektro-klan.de\/index.php?rest_route=\/wp\/v2\/pages\/2\/revisions\/237"}],"wp:attachment":[{"href":"http:\/\/www.elektro-klan.de\/index.php?rest_route=%2Fwp%2Fv2%2Fmedia&parent=2"}],"curies":[{"name":"wp","href":"https:\/\/api.w.org\/{rel}","templated":true}]}}